{"id":225,"date":"2018-11-20T01:28:39","date_gmt":"2018-11-20T00:28:39","guid":{"rendered":"http:\/\/aoide-classics.com\/en\/?page_id=225"},"modified":"2019-05-14T11:38:49","modified_gmt":"2019-05-14T09:38:49","slug":"audio-and-video","status":"publish","type":"page","link":"http:\/\/aoide-classics.com\/en\/audio-and-video\/","title":{"rendered":"Audio + Video"},"content":{"rendered":"<p>[et_pb_section fb_built=&#8220;1&#8243; admin_label=&#8220;Service Section&#8220; _builder_version=&#8220;3.17.6&#8243; custom_margin=&#8220;|||&#8220; custom_padding=&#8220;50px||0||false|false&#8220;][et_pb_row custom_padding=&#8220;5px|0px|0|0px|false|false&#8220; custom_margin=&#8220;||40px|&#8220; admin_label=&#8220;Service Section Title&#8220; _builder_version=&#8220;3.0.83&#8243; animation_style=&#8220;fade&#8220; animation_direction=&#8220;top&#8220; saved_tabs=&#8220;all&#8220;][et_pb_column type=&#8220;4_4&#8243; _builder_version=&#8220;3.0.47&#8243;][et_pb_text admin_label=&#8220;Title&#8220; _builder_version=&#8220;3.19.13&#8243; text_font=&#8220;Montserrat|||on|||||&#8220; text_text_color=&#8220;#747d88&#8243; text_font_size=&#8220;16px&#8220; text_line_height=&#8220;1.9em&#8220; header_font=&#8220;||||||||&#8220; header_2_font=&#8220;Montserrat|700||on|||||&#8220; header_2_font_size=&#8220;42px&#8220; header_2_font_size_phone=&#8220;33px&#8220; header_2_font_size_last_edited=&#8220;on|phone&#8220; header_2_line_height=&#8220;1.3em&#8220; text_orientation=&#8220;center&#8220; max_width=&#8220;700px&#8220; module_alignment=&#8220;center&#8220; animation_style=&#8220;slide&#8220; animation_direction=&#8220;bottom&#8220; animation_intensity_slide=&#8220;4%&#8220;]<\/p>\n<h2><span style=\"color: #808080;\">Video<\/span><\/h2>\n<p>[\/et_pb_text][et_pb_text admin_label=&#8220;Subtitle&#8220; _builder_version=&#8220;3.19.13&#8243; text_font=&#8220;Montserrat||||&#8220; text_text_color=&#8220;#747d88&#8243; text_font_size=&#8220;15px&#8220; text_line_height=&#8220;1.8em&#8220; header_font=&#8220;||||||||&#8220; text_orientation=&#8220;center&#8220; max_width=&#8220;700px&#8220; module_alignment=&#8220;center&#8220; custom_margin=&#8220;|||&#8220; animation_style=&#8220;slide&#8220; animation_direction=&#8220;bottom&#8220; animation_delay=&#8220;100ms&#8220; animation_intensity_slide=&#8220;4%&#8220;]<\/p>\n<p><span>Excerpts from AOIDE Symphony&#8217;s &#8222;European Landscapes&#8220; concert in cooperation with Continental Tires Division.<\/span><\/p>\n<p>[\/et_pb_text][\/et_pb_column][\/et_pb_row][et_pb_row custom_padding=&#8220;12px|0px|72px|0px|false|false&#8220; _builder_version=&#8220;3.17.6&#8243;][et_pb_column type=&#8220;4_4&#8243; _builder_version=&#8220;3.17.6&#8243;][et_pb_video src=&#8220;https:\/\/youtu.be\/QsPr3G9Nuek&#8220; image_src=&#8220;http:\/\/aoide-classics.com\/en\/wp-content\/uploads\/2019\/04\/02-European-Landscapes-\u00a9JoTitze.jpg&#8220; _builder_version=&#8220;3.19.13&#8243;][\/et_pb_video][\/et_pb_column][\/et_pb_row][et_pb_row custom_padding=&#8220;5px|0px|0|0px|false|false&#8220; custom_margin=&#8220;||40px|&#8220; admin_label=&#8220;Service Section Title&#8220; _builder_version=&#8220;3.0.83&#8243; animation_style=&#8220;fade&#8220; animation_direction=&#8220;top&#8220; saved_tabs=&#8220;all&#8220;][et_pb_column type=&#8220;4_4&#8243; _builder_version=&#8220;3.0.47&#8243;][et_pb_text admin_label=&#8220;Title&#8220; _builder_version=&#8220;3.19.13&#8243; text_font=&#8220;Montserrat|||on|||||&#8220; text_text_color=&#8220;#747d88&#8243; text_font_size=&#8220;16px&#8220; text_line_height=&#8220;1.9em&#8220; header_font=&#8220;||||||||&#8220; header_2_font=&#8220;Montserrat|700||on|||||&#8220; header_2_font_size=&#8220;42px&#8220; header_2_font_size_phone=&#8220;33px&#8220; header_2_font_size_last_edited=&#8220;on|phone&#8220; header_2_line_height=&#8220;1.3em&#8220; text_orientation=&#8220;center&#8220; max_width=&#8220;700px&#8220; module_alignment=&#8220;center&#8220; animation_style=&#8220;slide&#8220; animation_direction=&#8220;bottom&#8220; animation_intensity_slide=&#8220;4%&#8220;]<\/p>\n<h2><span style=\"color: #808080;\">Audio<\/span><\/h2>\n<p>[\/et_pb_text][et_pb_text admin_label=&#8220;Subtitle&#8220; _builder_version=&#8220;3.19.13&#8243; text_font=&#8220;Montserrat||||&#8220; text_text_color=&#8220;#747d88&#8243; text_font_size=&#8220;15px&#8220; text_line_height=&#8220;1.8em&#8220; header_font=&#8220;||||||||&#8220; text_orientation=&#8220;center&#8220; max_width=&#8220;700px&#8220; module_alignment=&#8220;center&#8220; custom_margin=&#8220;|||&#8220; animation_style=&#8220;slide&#8220; animation_direction=&#8220;bottom&#8220; animation_delay=&#8220;100ms&#8220; animation_intensity_slide=&#8220;4%&#8220;]<\/p>\n<p>Discover the sound of the AOIDE ensembles!<\/p>\n<p>[\/et_pb_text][\/et_pb_column][\/et_pb_row][et_pb_row custom_padding=&#8220;12px|0px|72px|0px|false|false&#8220; _builder_version=&#8220;3.17.6&#8243;][et_pb_column type=&#8220;4_4&#8243; _builder_version=&#8220;3.17.6&#8243;][et_pb_audio audio=&#8220;http:\/\/aoide-classics.com\/en\/wp-content\/uploads\/2018\/11\/AOIDE-Symphonie-Ausschnitt-Antonin-Dvorak-Symphonie-Nr.-9-1.-Satz.m4a&#8220; title=&#8220;Symphony No. 9  %22New World Symphony%22, 1st movement (excerpt)&#8220; album_name=&#8220;by Anton\u00edn Dvo\u0159\u00e1k | AOIDE Symphony \u2013 Conductor: Gerd M\u00fcller-Lorenz&#8220; _builder_version=&#8220;3.19.12&#8243; title_font=&#8220;||||||||&#8220; caption_font=&#8220;||||||||&#8220;][\/et_pb_audio][\/et_pb_column][\/et_pb_row][et_pb_row custom_padding=&#8220;12px|0px|72px|0px|false|false&#8220; _builder_version=&#8220;3.17.6&#8243;][et_pb_column type=&#8220;4_4&#8243; _builder_version=&#8220;3.17.6&#8243;][et_pb_audio audio=&#8220;http:\/\/aoide-classics.com\/en\/wp-content\/uploads\/2018\/11\/AOIDE-Symphonie-Ausschnitt-Antonin-Dvorak-Symphonie-Nr.-9-2.-Satz.m4a&#8220; title=&#8220;Symphony No. 9 %22New World Symphony%22, 2nd movement (excerpt)&#8220; album_name=&#8220;by Anton\u00edn Dvo\u0159\u00e1k | AOIDE Symphony \u2013 Conductor: Gerd M\u00fcller-Lorenz&#8220; _builder_version=&#8220;3.19.12&#8243;][\/et_pb_audio][\/et_pb_column][\/et_pb_row][et_pb_row custom_padding=&#8220;12px|0px|72px|0px|false|false&#8220; _builder_version=&#8220;3.17.6&#8243;][et_pb_column type=&#8220;4_4&#8243; _builder_version=&#8220;3.17.6&#8243;][et_pb_audio audio=&#8220;http:\/\/aoide-classics.com\/en\/wp-content\/uploads\/2018\/11\/AOIDE-Symphonie-Ausschnitt-Antonin-Dvorak-Symphonie-Nr.-9-4.-Satz.m4a&#8220; title=&#8220;Symphony No. 9 %22New World Symphony%22, 4th movement (excerpt)&#8220; album_name=&#8220;by Anton\u00edn Dvo\u0159\u00e1k | AOIDE Symphony \u2013 Conductor: Gerd M\u00fcller-Lorenz&#8220; _builder_version=&#8220;3.19.12&#8243;][\/et_pb_audio][\/et_pb_column][\/et_pb_row][et_pb_row custom_padding=&#8220;12px|0px|72px|0px|false|false&#8220; _builder_version=&#8220;3.17.6&#8243;][et_pb_column type=&#8220;4_4&#8243; _builder_version=&#8220;3.17.6&#8243;][et_pb_audio audio=&#8220;http:\/\/aoide-classics.com\/en\/wp-content\/uploads\/2018\/11\/AOIDE-Winds-Ausschnitt-Friedrich-Gulda-Konzert-f\u00fcr-Cello-Blasorchester-und-Jazzband.mp3&#8243; title=&#8220;Konzert f\u00fcr Cello, Blasorchester und Jazzband (Ausschnitt)&#8220; album_name=&#8220;by Friedrich Gulda | Cello: Oliver Mascarenhas \u2013 AOIDE Winds \u2013 Conductor: Gerd M\u00fcller-Lorenz&#8220; _builder_version=&#8220;3.19.13&#8243;][\/et_pb_audio][\/et_pb_column][\/et_pb_row][et_pb_row custom_padding=&#8220;12px|0px|72px|0px|false|false&#8220; _builder_version=&#8220;3.17.6&#8243;][et_pb_column type=&#8220;4_4&#8243; _builder_version=&#8220;3.17.6&#8243;][et_pb_audio audio=&#8220;http:\/\/aoide-classics.com\/en\/wp-content\/uploads\/2018\/11\/AOIDE-Winds-Robert-Kurka-The-Good-Soldier-Schwejk-Suite-op.-22-Ouverture.mp3&#8243; title=&#8220;The Good Soldier Schwejk, Overture&#8220; album_name=&#8220;by Robert Kurka | AOIDE Winds \u2013 Conductor: Gerd M\u00fcller-Lorenz&#8220; _builder_version=&#8220;3.19.12&#8243;][\/et_pb_audio][\/et_pb_column][\/et_pb_row][et_pb_row custom_padding=&#8220;12px|0px|72px|0px|false|false&#8220; _builder_version=&#8220;3.17.6&#8243;][et_pb_column type=&#8220;4_4&#8243; _builder_version=&#8220;3.17.6&#8243;][et_pb_audio audio=&#8220;http:\/\/aoide-classics.com\/en\/wp-content\/uploads\/2018\/11\/AOIDE-Winds-Ausschnitt-Richard-Strauss-The-Serenade-Es-Dur-op.-7.mp3&#8243; title=&#8220;Serenade in E-Flat Major op. 7 (excerpt)&#8220; album_name=&#8220;by Richard Strauss | AOIDE Winds \u2013 Conductor: Gerd M\u00fcller-Lorenz&#8220; _builder_version=&#8220;3.19.12&#8243;][\/et_pb_audio][\/et_pb_column][\/et_pb_row][et_pb_row custom_padding=&#8220;12px|0px|72px|0px|false|false&#8220; _builder_version=&#8220;3.17.6&#8243;][et_pb_column type=&#8220;4_4&#8243; _builder_version=&#8220;3.17.6&#8243;][et_pb_audio audio=&#8220;http:\/\/aoide-classics.com\/en\/wp-content\/uploads\/2018\/11\/AOIDE-Strings-Antonio-Vivaldi-22Die-vier-Jahreszeiten22-Lestate-3.-Satz.mp3&#8243; title=&#8220;%22The Four Seasons%22, L&#8217;estate, 3rd movement&#8220; album_name=&#8220;by Antonio Vivaldi | Solo Violin: Angela Jaff\u00e9 \u2013 AOIDE Strings \u2013 Conductor: Gerd M\u00fcller-Lorenz&#8220; _builder_version=&#8220;3.19.13&#8243;][\/et_pb_audio][\/et_pb_column][\/et_pb_row][et_pb_row custom_padding=&#8220;12px|0px|72px|0px|false|false&#8220; _builder_version=&#8220;3.17.6&#8243;][et_pb_column type=&#8220;4_4&#8243; _builder_version=&#8220;3.17.6&#8243;][et_pb_audio audio=&#8220;http:\/\/aoide-classics.com\/en\/wp-content\/uploads\/2018\/11\/AOIDE-Strings-Antonio-Vivaldi-Violinkonzert-E-Dur-3.-Satz.mp3&#8243; title=&#8220;Violin Concerto E-Major, 3rd movement&#8220; album_name=&#8220;by Antonio Vivaldi | Solo Violin: Angela Jaff\u00e9 \u2013 AOIDE Strings \u2013 Conductor: Gerd M\u00fcller-Lorenz&#8220; _builder_version=&#8220;3.19.13&#8243;][\/et_pb_audio][\/et_pb_column][\/et_pb_row][et_pb_row custom_padding=&#8220;12px|0px|72px|0px|false|false&#8220; _builder_version=&#8220;3.17.6&#8243;][et_pb_column type=&#8220;4_4&#8243; _builder_version=&#8220;3.17.6&#8243;][et_pb_audio audio=&#8220;http:\/\/aoide-classics.com\/en\/wp-content\/uploads\/2018\/11\/AOIDE-Strings-Antonio-Vivaldi-Violinkonzert-a-moll-3.-Satz.mp3&#8243; title=&#8220;Violin Concerto a-minor, 3rd movement&#8220; album_name=&#8220;by Antonio Vivaldi | Solo Violin: Angela Jaff\u00e9 \u2013 AOIDE Strings \u2013 Conductor: Gerd M\u00fcller-Lorenz&#8220; _builder_version=&#8220;3.19.13&#8243;][\/et_pb_audio][\/et_pb_column][\/et_pb_row][\/et_pb_section]<\/p>\n","protected":false},"excerpt":{"rendered":"<p>VideoExcerpts from AOIDE Symphony&#8217;s &#8222;European Landscapes&#8220; concert in cooperation with Continental Tires Division.AudioDiscover the sound of the AOIDE ensembles!<\/p>\n","protected":false},"author":2,"featured_media":0,"parent":0,"menu_order":0,"comment_status":"closed","ping_status":"closed","template":"","meta":{"_et_pb_use_builder":"on","_et_pb_old_content":"","_et_gb_content_width":"","footnotes":""},"_links":{"self":[{"href":"http:\/\/aoide-classics.com\/en\/wp-json\/wp\/v2\/pages\/225"}],"collection":[{"href":"http:\/\/aoide-classics.com\/en\/wp-json\/wp\/v2\/pages"}],"about":[{"href":"http:\/\/aoide-classics.com\/en\/wp-json\/wp\/v2\/types\/page"}],"author":[{"embeddable":true,"href":"http:\/\/aoide-classics.com\/en\/wp-json\/wp\/v2\/users\/2"}],"replies":[{"embeddable":true,"href":"http:\/\/aoide-classics.com\/en\/wp-json\/wp\/v2\/comments?post=225"}],"version-history":[{"count":52,"href":"http:\/\/aoide-classics.com\/en\/wp-json\/wp\/v2\/pages\/225\/revisions"}],"predecessor-version":[{"id":1008,"href":"http:\/\/aoide-classics.com\/en\/wp-json\/wp\/v2\/pages\/225\/revisions\/1008"}],"wp:attachment":[{"href":"http:\/\/aoide-classics.com\/en\/wp-json\/wp\/v2\/media?parent=225"}],"curies":[{"name":"wp","href":"https:\/\/api.w.org\/{rel}","templated":true}]}}